{"id":1512,"date":"2026-02-02T12:01:19","date_gmt":"2026-02-02T12:01:19","guid":{"rendered":"https:\/\/rebecamalatesta.com\/politica-redes-sociales\/"},"modified":"2026-02-10T09:40:51","modified_gmt":"2026-02-10T09:40:51","slug":"politica-redes-sociales","status":"publish","type":"page","link":"https:\/\/rebecamalatesta.com\/en\/politica-redes-sociales\/","title":{"rendered":"POL\u00cdTICA REDES SOCIALES"},"content":{"rendered":"\t\t<div data-elementor-type=\"wp-page\" data-elementor-id=\"1512\" class=\"elementor elementor-1512 elementor-1477\" data-elementor-post-type=\"page\">\n\t\t\t\t\t\t<section class=\"elementor-section elementor-top-section elementor-element elementor-element-8e3efe2 elementor-section-boxed elementor-section-height-default elementor-section-height-default\" data-id=\"8e3efe2\" data-element_type=\"section\" data-settings=\"{&quot;background_background&quot;:&quot;classic&quot;}\">\n\t\t\t\t\t\t\t<div class=\"elementor-background-overlay\"><\/div>\n\t\t\t\t\t\t\t<div class=\"elementor-container elementor-column-gap-default\">\n\t\t\t\t\t<div class=\"elementor-column elementor-col-100 elementor-top-column elementor-element elementor-element-e282f38\" data-id=\"e282f38\" data-element_type=\"column\">\n\t\t\t<div class=\"elementor-widget-wrap elementor-element-populated\">\n\t\t\t\t\t\t<div class=\"elementor-element elementor-element-eb5bb8d elementor-widget elementor-widget-heading\" data-id=\"eb5bb8d\" data-element_type=\"widget\" data-widget_type=\"heading.default\">\n\t\t\t\t<div class=\"elementor-widget-container\">\n\t\t\t\t\t<h1 class=\"elementor-heading-title elementor-size-default\">Pol\u00edtica de Redes Sociales <\/h1>\t\t\t\t<\/div>\n\t\t\t\t<\/div>\n\t\t\t\t\t<\/div>\n\t\t<\/div>\n\t\t\t\t\t<\/div>\n\t\t<\/section>\n\t\t\t\t<section class=\"elementor-section elementor-top-section elementor-element elementor-element-79ccd83 elementor-section-boxed elementor-section-height-default elementor-section-height-default\" data-id=\"79ccd83\" data-element_type=\"section\" data-settings=\"{&quot;background_background&quot;:&quot;classic&quot;}\">\n\t\t\t\t\t\t<div class=\"elementor-container elementor-column-gap-default\">\n\t\t\t\t\t<div class=\"elementor-column elementor-col-100 elementor-top-column elementor-element elementor-element-5c02fb4\" data-id=\"5c02fb4\" data-element_type=\"column\">\n\t\t\t<div class=\"elementor-widget-wrap elementor-element-populated\">\n\t\t\t\t\t\t<section class=\"elementor-section elementor-inner-section elementor-element elementor-element-1223f0a elementor-section-boxed elementor-section-height-default elementor-section-height-default\" data-id=\"1223f0a\" data-element_type=\"section\">\n\t\t\t\t\t\t<div class=\"elementor-container elementor-column-gap-default\">\n\t\t\t\t\t<div class=\"elementor-column elementor-col-100 elementor-inner-column elementor-element elementor-element-126bf9b\" data-id=\"126bf9b\" data-element_type=\"column\">\n\t\t\t<div class=\"elementor-widget-wrap elementor-element-populated\">\n\t\t\t\t\t\t<div class=\"elementor-element elementor-element-bc7fa41 elementor-widget elementor-widget-heading\" data-id=\"bc7fa41\" data-element_type=\"widget\" data-widget_type=\"heading.default\">\n\t\t\t\t<div class=\"elementor-widget-container\">\n\t\t\t\t\t<h2 class=\"elementor-heading-title elementor-size-default\">Pol\u00edtica de privacidad Redes Sociales www.rebecamalatesta.com<\/h2>\t\t\t\t<\/div>\n\t\t\t\t<\/div>\n\t\t\t\t<div class=\"elementor-element elementor-element-3e52977 elementor-widget elementor-widget-text-editor\" data-id=\"3e52977\" data-element_type=\"widget\" data-widget_type=\"text-editor.default\">\n\t\t\t\t<div class=\"elementor-widget-container\">\n\t\t\t\t\t\t\t\t\tDe conformidad con lo establecido en la normativa vigente y aplicable de protecci\u00f3n de datos de car\u00e1cter\npersonal y la Ley 34\/2002, de 11 de julio, de Servicios de la Sociedad de la Informaci\u00f3n y de Comercio\nElectr\u00f3nico (LSSI-CE), REBECA LILIANA MALATESTA PACHECO informa a los usuarios, que ha\nprocedido a crear un perfil en la\/s Red\/es Social\/es Facebook, Instagram, con la finalidad principal de\npublicitar sus productos y servicios.\t\t\t\t\t\t\t\t<\/div>\n\t\t\t\t<\/div>\n\t\t\t\t<div class=\"elementor-element elementor-element-798e425 elementor-widget elementor-widget-text-editor\" data-id=\"798e425\" data-element_type=\"widget\" data-widget_type=\"text-editor.default\">\n\t\t\t\t<div class=\"elementor-widget-container\">\n\t\t\t\t\t\t\t\t\tDatos de REBECA LILIANA MALATESTA PACHECO:\t\t\t\t\t\t\t\t<\/div>\n\t\t\t\t<\/div>\n\t\t\t\t<div class=\"elementor-element elementor-element-0ee0862 elementor-widget elementor-widget-text-editor\" data-id=\"0ee0862\" data-element_type=\"widget\" data-widget_type=\"text-editor.default\">\n\t\t\t\t<div class=\"elementor-widget-container\">\n\t\t\t\t\t\t\t\t\t<ul>\n<li>NIF: X7591653C<\/li>\n<li>DIRECCI\u00d3N: POLIGONO 2 &#8211; PARCELA 24,07140 SANCELLAS(ILLES BALEARS)<\/li>\n<li>CORREO ELECTR\u00d3NICO: tontessa@gmail.com<\/li>\n<\/ul>\t\t\t\t\t\t\t\t<\/div>\n\t\t\t\t<\/div>\n\t\t\t\t<div class=\"elementor-element elementor-element-33fa220 elementor-widget elementor-widget-text-editor\" data-id=\"33fa220\" data-element_type=\"widget\" data-widget_type=\"text-editor.default\">\n\t\t\t\t<div class=\"elementor-widget-container\">\n\t\t\t\t\t\t\t\t\tEl usuario dispone de un perfil en la misma Red Social y ha decidido unirse a la p\u00e1gina creada por\nREBECA LILIANA MALATESTA PACHECO, mostrando as\u00ed inter\u00e9s en la informaci\u00f3n que se publicite en\nla Red. Al unirse a nuestra p\u00e1gina, nos facilita su consentimiento para el tratamiento de aquellos datos\npersonales publicados en su perfil. \t\t\t\t\t\t\t\t<\/div>\n\t\t\t\t<\/div>\n\t\t\t\t<div class=\"elementor-element elementor-element-8493bda elementor-widget elementor-widget-text-editor\" data-id=\"8493bda\" data-element_type=\"widget\" data-widget_type=\"text-editor.default\">\n\t\t\t\t<div class=\"elementor-widget-container\">\n\t\t\t\t\t\t\t\t\tEl usuario puede acceder en todo momento a las pol\u00edticas de privacidad de la propia Red Social, as\u00ed como\nconfigurar su perfil para garantizar su privacidad.\t\t\t\t\t\t\t\t<\/div>\n\t\t\t\t<\/div>\n\t\t\t\t<div class=\"elementor-element elementor-element-3b8e06f elementor-widget elementor-widget-text-editor\" data-id=\"3b8e06f\" data-element_type=\"widget\" data-widget_type=\"text-editor.default\">\n\t\t\t\t<div class=\"elementor-widget-container\">\n\t\t\t\t\t\t\t\t\tREBECA LILIANA MALATESTA PACHECO tiene acceso y trata aquella informaci\u00f3n p\u00fablica del usuario,\nen especial, su nombre de contacto. Estos datos, s\u00f3lo son utilizados dentro de la propia Red Social. No\nson incorporados a ning\u00fan sistema de tratamiento.  \t\t\t\t\t\t\t\t<\/div>\n\t\t\t\t<\/div>\n\t\t\t\t<div class=\"elementor-element elementor-element-d1b9f43 elementor-widget elementor-widget-text-editor\" data-id=\"d1b9f43\" data-element_type=\"widget\" data-widget_type=\"text-editor.default\">\n\t\t\t\t<div class=\"elementor-widget-container\">\n\t\t\t\t\t\t\t\t\tDerechos de los interesados\t\t\t\t\t\t\t\t<\/div>\n\t\t\t\t<\/div>\n\t\t\t\t<div class=\"elementor-element elementor-element-88691cf elementor-widget elementor-widget-text-editor\" data-id=\"88691cf\" data-element_type=\"widget\" data-widget_type=\"text-editor.default\">\n\t\t\t\t<div class=\"elementor-widget-container\">\n\t\t\t\t\t\t\t\t\tEn relaci\u00f3n a los derechos de acceso, rectificaci\u00f3n, limitaci\u00f3n de tratamiento, supresi\u00f3n, portabilidad y\noposici\u00f3n al tratamiento de sus datos de car\u00e1cter personal, de los que usted dispone y que pueden ser\nejercitados ante REBECA LILIANA MALATESTA PACHECO, de acuerdo con la RGPD, debe tener en\ncuenta los siguientes matices:\t\t\t\t\t\t\t\t<\/div>\n\t\t\t\t<\/div>\n\t\t\t\t<div class=\"elementor-element elementor-element-12cba86 elementor-widget elementor-widget-text-editor\" data-id=\"12cba86\" data-element_type=\"widget\" data-widget_type=\"text-editor.default\">\n\t\t\t\t<div class=\"elementor-widget-container\">\n\t\t\t\t\t\t\t\t\t<ul><li>Derecho de Acceso: Es el derecho del usuario a obtener informaci\u00f3n sobre sus datos concretos<br>de car\u00e1cter personal y del tratamiento que se haya realizado o realice, as\u00ed como de la<br>informaci\u00f3n disponible sobre el origen de dichos datos y las comunicaciones realizadas o<br>previstas de los mismos.<\/li><li>Derecho de Rectificaci\u00f3n: Es el derecho del afectado a que se modifiquen los datos que resulten<br>ser inexactos o incompletos. S\u00f3lo podr\u00e1 satisfacerse en relaci\u00f3n a aquella informaci\u00f3n que se<br>encuentre bajo el control de REBECA LILIANA MALATESTA PACHECO, por ejemplo, eliminar<br>comentarios publicados en la propia p\u00e1gina, im\u00e1genes o contenidos web donde consten datos de<br>car\u00e1cter personal del usuario. <\/li><li>Derecho a la Limitaci\u00f3n de tratamiento: Es el derecho a que se limiten los fines del tratamiento<br>previstos de forma original por el responsable del tratamiento.<\/li><li>Derecho de Supresi\u00f3n: Es el derecho a suprimir los datos de car\u00e1cter personal del usuario, a<br>excepci\u00f3n de lo previsto en el propio RGPD o en otras normativas aplicables que determinen la<br>obligatoriedad de la conservaci\u00f3n de los mismos, en tiempo y forma.<\/li><li>Derecho de portabilidad: El derecho a recibir los datos personales que el usuario, haya facilitado,<br>en un formato estructurado, de uso com\u00fan y lectura mec\u00e1nica, y a transmitirlos a otro<br>responsable.<\/li><li>Derecho de Oposici\u00f3n: Es el derecho del usuario a que no se lleve a cabo el tratamiento de sus<br>datos de car\u00e1cter personal o se cese el tratamiento de los mismos por parte de REBECA<br>LILIANA MALATESTA PACHECO.<\/li><\/ul>\t\t\t\t\t\t\t\t<\/div>\n\t\t\t\t<\/div>\n\t\t\t\t<div class=\"elementor-element elementor-element-132e2fe elementor-widget elementor-widget-text-editor\" data-id=\"132e2fe\" data-element_type=\"widget\" data-widget_type=\"text-editor.default\">\n\t\t\t\t<div class=\"elementor-widget-container\">\n\t\t\t\t\t\t\t\t\tREBECA LILIANA MALATESTA PACHECO realizar\u00e1 las siguientes actuaciones:\t\t\t\t\t\t\t\t<\/div>\n\t\t\t\t<\/div>\n\t\t\t\t<div class=\"elementor-element elementor-element-570e853 elementor-widget elementor-widget-text-editor\" data-id=\"570e853\" data-element_type=\"widget\" data-widget_type=\"text-editor.default\">\n\t\t\t\t<div class=\"elementor-widget-container\">\n\t\t\t\t\t\t\t\t\t<ul>\n<li>Acceso a la informaci\u00f3n p\u00fablica del perfil.<\/li>\n<li>Publicaci\u00f3n en el perfil del usuario de toda aquella informaci\u00f3n ya publicada en la p\u00e1gina de\nREBECA LILIANA MALATESTA PACHECO.<\/li>\n<li>Enviar mensajes personales e individuales a trav\u00e9s de los canales de la Red Social.<\/li>\n<li>Actualizaciones del estado de la p\u00e1gina que se publicar\u00e1n en el perfil del usuario.<\/li>\n<\/ul>\t\t\t\t\t\t\t\t<\/div>\n\t\t\t\t<\/div>\n\t\t\t\t<div class=\"elementor-element elementor-element-c4e5a55 elementor-widget elementor-widget-text-editor\" data-id=\"c4e5a55\" data-element_type=\"widget\" data-widget_type=\"text-editor.default\">\n\t\t\t\t<div class=\"elementor-widget-container\">\n\t\t\t\t\t\t\t\t\tEl usuario siempre puede controlar sus conexiones, eliminar los contenidos que dejen de interesarle y\nrestringir con qui\u00e9n comparte sus conexiones, para ello deber\u00e1 acceder a su configuraci\u00f3n de privacidad.\t\t\t\t\t\t\t\t<\/div>\n\t\t\t\t<\/div>\n\t\t\t\t<div class=\"elementor-element elementor-element-e0acb32 elementor-widget elementor-widget-text-editor\" data-id=\"e0acb32\" data-element_type=\"widget\" data-widget_type=\"text-editor.default\">\n\t\t\t\t<div class=\"elementor-widget-container\">\n\t\t\t\t\t\t\t\t\tPublicaciones\t\t\t\t\t\t\t\t<\/div>\n\t\t\t\t<\/div>\n\t\t\t\t<div class=\"elementor-element elementor-element-8a392e6 elementor-widget elementor-widget-text-editor\" data-id=\"8a392e6\" data-element_type=\"widget\" data-widget_type=\"text-editor.default\">\n\t\t\t\t<div class=\"elementor-widget-container\">\n\t\t\t\t\t\t\t\t\tEl usuario, una vez unido a la p\u00e1gina de REBECA LILIANA MALATESTA PACHECO, podr\u00e1 publicar en\n\u00e9sta \u00faltima comentarios, enlaces, im\u00e1genes o fotograf\u00edas o cualquier otro tipo de contenido multimedia\nsoportado por la Red Social. El usuario, en todos los casos, debe ser el titular de los mismos, gozar de los\nderechos de autor y de propiedad intelectual o contar con el consentimiento de los terceros afectados. Se\nproh\u00edbe expresamente cualquier publicaci\u00f3n en la p\u00e1gina, ya sean textos, gr\u00e1ficos, fotograf\u00edas, v\u00eddeos,\netc. que atenten o sean susceptibles de atentar contra la moral, la \u00e9tica, el buen gusto o el decoro, y\/o\nque infrinjan, violen o quebranten los derechos de propiedad intelectual o industrial, el derecho a la\nimagen o la Ley. En estos casos, REBECA LILIANA MALATESTA PACHECO se reserva el derecho a\nretirar de inmediato el contenido, pudiendo solicitar el bloqueo permanente del usuario.   \t\t\t\t\t\t\t\t<\/div>\n\t\t\t\t<\/div>\n\t\t\t\t<div class=\"elementor-element elementor-element-aeca813 elementor-widget elementor-widget-text-editor\" data-id=\"aeca813\" data-element_type=\"widget\" data-widget_type=\"text-editor.default\">\n\t\t\t\t<div class=\"elementor-widget-container\">\n\t\t\t\t\t\t\t\t\tREBECA LILIANA MALATESTA PACHECO no se har\u00e1 responsable de los contenidos que libremente ha\npublicado un usuario.\t\t\t\t\t\t\t\t<\/div>\n\t\t\t\t<\/div>\n\t\t\t\t<div class=\"elementor-element elementor-element-bba3687 elementor-widget elementor-widget-text-editor\" data-id=\"bba3687\" data-element_type=\"widget\" data-widget_type=\"text-editor.default\">\n\t\t\t\t<div class=\"elementor-widget-container\">\n\t\t\t\t\t\t\t\t\t<p>REBECA LILIANA MALATESTA PACHECO realizar\u00e1 las siguientes actuaciones:<\/p>\t\t\t\t\t\t\t\t<\/div>\n\t\t\t\t<\/div>\n\t\t\t\t<div class=\"elementor-element elementor-element-a0c9d24 elementor-widget elementor-widget-text-editor\" data-id=\"a0c9d24\" data-element_type=\"widget\" data-widget_type=\"text-editor.default\">\n\t\t\t\t<div class=\"elementor-widget-container\">\n\t\t\t\t\t\t\t\t\tLas im\u00e1genes que puedan publicarse en la p\u00e1gina no ser\u00e1n almacenadas en ning\u00fan sistema de\ntratamiento por parte de REBECA LILIANA MALATESTA PACHECO, pero s\u00ed que permanecer\u00e1n en la\nRed Social.\t\t\t\t\t\t\t\t<\/div>\n\t\t\t\t<\/div>\n\t\t\t\t<div class=\"elementor-element elementor-element-3c55041 elementor-widget elementor-widget-text-editor\" data-id=\"3c55041\" data-element_type=\"widget\" data-widget_type=\"text-editor.default\">\n\t\t\t\t<div class=\"elementor-widget-container\">\n\t\t\t\t\t\t\t\t\tConcursos y promociones\t\t\t\t\t\t\t\t<\/div>\n\t\t\t\t<\/div>\n\t\t\t\t<div class=\"elementor-element elementor-element-0e464c1 elementor-widget elementor-widget-text-editor\" data-id=\"0e464c1\" data-element_type=\"widget\" data-widget_type=\"text-editor.default\">\n\t\t\t\t<div class=\"elementor-widget-container\">\n\t\t\t\t\t\t\t\t\tREBECA LILIANA MALATESTA PACHECO se reserva el derecho a realizar concursos y promociones, en\nlos que podr\u00e1 participar el usuario unido a su p\u00e1gina. Las bases de cada uno de ellos, cuando se utilice para ello la plataforma de la Red Social, ser\u00e1n publicadas en la misma. Cumpliendo siempre con la LSSI-\nCE y con cualquier otra norma que le sea de aplicaci\u00f3n.  \t\t\t\t\t\t\t\t<\/div>\n\t\t\t\t<\/div>\n\t\t\t\t<div class=\"elementor-element elementor-element-e92bc67 elementor-widget elementor-widget-text-editor\" data-id=\"e92bc67\" data-element_type=\"widget\" data-widget_type=\"text-editor.default\">\n\t\t\t\t<div class=\"elementor-widget-container\">\n\t\t\t\t\t\t\t\t\tLa Red Social no patrocina, avala ni administra, de modo alguno, ninguna de nuestras promociones, ni est\u00e1 asociada a ninguna de ellas.\t\t\t\t\t\t\t\t<\/div>\n\t\t\t\t<\/div>\n\t\t\t\t<div class=\"elementor-element elementor-element-0c05540 elementor-widget elementor-widget-text-editor\" data-id=\"0c05540\" data-element_type=\"widget\" data-widget_type=\"text-editor.default\">\n\t\t\t\t<div class=\"elementor-widget-container\">\n\t\t\t\t\t\t\t\t\t<p>Publicidad<\/p>\t\t\t\t\t\t\t\t<\/div>\n\t\t\t\t<\/div>\n\t\t\t\t<div class=\"elementor-element elementor-element-c666ab2 elementor-widget elementor-widget-text-editor\" data-id=\"c666ab2\" data-element_type=\"widget\" data-widget_type=\"text-editor.default\">\n\t\t\t\t<div class=\"elementor-widget-container\">\n\t\t\t\t\t\t\t\t\tREBECA LILIANA MALATESTA PACHECO utilizar\u00e1 la Red Social para publicitar sus productos y\nservicios, en todo caso, si decide tratar sus datos de contacto para realizar acciones directas de prospecci\u00f3n comercial, ser\u00e1 siempre, cumpliendo con las exigencias legales de la normativa en materia de protecci\u00f3n de datos y de la LSSI-CE.\t\t\t\t\t\t\t\t<\/div>\n\t\t\t\t<\/div>\n\t\t\t\t<div class=\"elementor-element elementor-element-b7d17c6 elementor-widget elementor-widget-text-editor\" data-id=\"b7d17c6\" data-element_type=\"widget\" data-widget_type=\"text-editor.default\">\n\t\t\t\t<div class=\"elementor-widget-container\">\n\t\t\t\t\t\t\t\t\tNo se considerar\u00e1 publicidad el hecho de recomendar a otros usuarios la p\u00e1gina de REBECA LILIANA MALATESTA PACHECO para que tambi\u00e9n ellos puedan disfrutar de las promociones o estar informados de su actividad.\t\t\t\t\t\t\t\t<\/div>\n\t\t\t\t<\/div>\n\t\t\t\t<div class=\"elementor-element elementor-element-baf2bc5 elementor-widget elementor-widget-text-editor\" data-id=\"baf2bc5\" data-element_type=\"widget\" data-widget_type=\"text-editor.default\">\n\t\t\t\t<div class=\"elementor-widget-container\">\n\t\t\t\t\t\t\t\t\tA continuaci\u00f3n, detallamos el enlace a la pol\u00edtica de privacidad de la Red Social:\t\t\t\t\t\t\t\t<\/div>\n\t\t\t\t<\/div>\n\t\t\t\t<div class=\"elementor-element elementor-element-c54fb40 elementor-widget elementor-widget-text-editor\" data-id=\"c54fb40\" data-element_type=\"widget\" data-widget_type=\"text-editor.default\">\n\t\t\t\t<div class=\"elementor-widget-container\">\n\t\t\t\t\t\t\t\t\tFacebook: <a href=\"https:\/\/es-es.facebook.com\/privacy\/explanation\">https:\/\/es-es.facebook.com\/privacy\/explanation<\/a>\n\t\t\t\t\t\t\t\t<\/div>\n\t\t\t\t<\/div>\n\t\t\t\t<div class=\"elementor-element elementor-element-427fa2b elementor-widget elementor-widget-text-editor\" data-id=\"427fa2b\" data-element_type=\"widget\" data-widget_type=\"text-editor.default\">\n\t\t\t\t<div class=\"elementor-widget-container\">\n\t\t\t\t\t\t\t\t\tInstagram:<a href=\"http:\/\/instagram.com\/about\/legal\/privacy\/\"> http:\/\/instagram.com\/about\/legal\/privacy\/<\/a>\t\t\t\t\t\t\t\t<\/div>\n\t\t\t\t<\/div>\n\t\t\t\t<div class=\"elementor-element elementor-element-38951f7 elementor-widget elementor-widget-text-editor\" data-id=\"38951f7\" data-element_type=\"widget\" data-widget_type=\"text-editor.default\">\n\t\t\t\t<div class=\"elementor-widget-container\">\n\t\t\t\t\t\t\t\t\tLast update: 19 de enero de 2026\t\t\t\t\t\t\t\t<\/div>\n\t\t\t\t<\/div>\n\t\t\t\t\t<\/div>\n\t\t<\/div>\n\t\t\t\t\t<\/div>\n\t\t<\/section>\n\t\t\t\t\t<\/div>\n\t\t<\/div>\n\t\t\t\t\t<\/div>\n\t\t<\/section>\n\t\t\t\t<section class=\"elementor-section elementor-top-section elementor-element elementor-element-59ffd53 elementor-section-boxed elementor-section-height-default elementor-section-height-default\" data-id=\"59ffd53\" data-element_type=\"section\" data-settings=\"{&quot;shape_divider_bottom&quot;:&quot;tilt&quot;,&quot;background_background&quot;:&quot;classic&quot;}\">\n\t\t\t\t\t<div class=\"elementor-shape elementor-shape-bottom\" aria-hidden=\"true\" data-negative=\"false\">\n\t\t\t<svg xmlns=\"http:\/\/www.w3.org\/2000\/svg\" viewBox=\"0 0 1000 100\" preserveAspectRatio=\"none\">\n\t<path class=\"elementor-shape-fill\" d=\"M0,6V0h1000v100L0,6z\"\/>\n<\/svg>\t\t<\/div>\n\t\t\t\t\t<div class=\"elementor-container elementor-column-gap-default\">\n\t\t\t\t\t<div class=\"elementor-column elementor-col-100 elementor-top-column elementor-element elementor-element-22370e1\" data-id=\"22370e1\" data-element_type=\"column\">\n\t\t\t<div class=\"elementor-widget-wrap\">\n\t\t\t\t\t\t\t<\/div>\n\t\t<\/div>\n\t\t\t\t\t<\/div>\n\t\t<\/section>\n\t\t\t\t<\/div>\n\t\t","protected":false},"excerpt":{"rendered":"<p>Pol\u00edtica de Redes Sociales Pol\u00edtica de privacidad Redes Sociales www.rebecamalatesta.com De conformidad con lo establecido en la normativa vigente y aplicable de protecci\u00f3n de datos de car\u00e1cter personal y la Ley 34\/2002, de 11 de julio, de Servicios de la Sociedad de la Informaci\u00f3n y de Comercio Electr\u00f3nico (LSSI-CE), REBECA LILIANA MALATESTA PACHECO informa a [&hellip;]<\/p>\n","protected":false},"author":1,"featured_media":0,"parent":0,"menu_order":0,"comment_status":"closed","ping_status":"closed","template":"","meta":{"site-sidebar-layout":"no-sidebar","site-content-layout":"page-builder","ast-site-content-layout":"full-width-container","site-content-style":"default","site-sidebar-style":"default","ast-global-header-display":"","ast-banner-title-visibility":"","ast-main-header-display":"","ast-hfb-above-header-display":"","ast-hfb-below-header-display":"","ast-hfb-mobile-header-display":"","site-post-title":"disabled","ast-breadcrumbs-content":"","ast-featured-img":"disabled","footer-sml-layout":"","ast-disable-related-posts":"","theme-transparent-header-meta":"","adv-header-id-meta":"","stick-header-meta":"","header-above-stick-meta":"","header-main-stick-meta":"","header-below-stick-meta":"","astra-migrate-meta-layouts":"default","ast-page-background-enabled":"default","ast-page-background-meta":{"desktop":{"background-color":"","background-image":"","background-repeat":"repeat","background-position":"center center","background-size":"auto","background-attachment":"scroll","background-type":"","background-media":"","overlay-type":"","overlay-color":"","overlay-opacity":"","overlay-gradient":""},"tablet":{"background-color":"","background-image":"","background-repeat":"repeat","background-position":"center center","background-size":"auto","background-attachment":"scroll","background-type":"","background-media":"","overlay-type":"","overlay-color":"","overlay-opacity":"","overlay-gradient":""},"mobile":{"background-color":"","background-image":"","background-repeat":"repeat","background-position":"center center","background-size":"auto","background-attachment":"scroll","background-type":"","background-media":"","overlay-type":"","overlay-color":"","overlay-opacity":"","overlay-gradient":""}},"ast-content-background-meta":{"desktop":{"background-color":"var(--ast-global-color-5)","background-image":"","background-repeat":"repeat","background-position":"center center","background-size":"auto","background-attachment":"scroll","background-type":"","background-media":"","overlay-type":"","overlay-color":"","overlay-opacity":"","overlay-gradient":""},"tablet":{"background-color":"var(--ast-global-color-5)","background-image":"","background-repeat":"repeat","background-position":"center center","background-size":"auto","background-attachment":"scroll","background-type":"","background-media":"","overlay-type":"","overlay-color":"","overlay-opacity":"","overlay-gradient":""},"mobile":{"background-color":"var(--ast-global-color-5)","background-image":"","background-repeat":"repeat","background-position":"center center","background-size":"auto","background-attachment":"scroll","background-type":"","background-media":"","overlay-type":"","overlay-color":"","overlay-opacity":"","overlay-gradient":""}},"footnotes":""},"class_list":["post-1512","page","type-page","status-publish","hentry"],"_links":{"self":[{"href":"https:\/\/rebecamalatesta.com\/en\/wp-json\/wp\/v2\/pages\/1512","targetHints":{"allow":["GET"]}}],"collection":[{"href":"https:\/\/rebecamalatesta.com\/en\/wp-json\/wp\/v2\/pages"}],"about":[{"href":"https:\/\/rebecamalatesta.com\/en\/wp-json\/wp\/v2\/types\/page"}],"author":[{"embeddable":true,"href":"https:\/\/rebecamalatesta.com\/en\/wp-json\/wp\/v2\/users\/1"}],"replies":[{"embeddable":true,"href":"https:\/\/rebecamalatesta.com\/en\/wp-json\/wp\/v2\/comments?post=1512"}],"version-history":[{"count":1,"href":"https:\/\/rebecamalatesta.com\/en\/wp-json\/wp\/v2\/pages\/1512\/revisions"}],"predecessor-version":[{"id":1513,"href":"https:\/\/rebecamalatesta.com\/en\/wp-json\/wp\/v2\/pages\/1512\/revisions\/1513"}],"wp:attachment":[{"href":"https:\/\/rebecamalatesta.com\/en\/wp-json\/wp\/v2\/media?parent=1512"}],"curies":[{"name":"wp","href":"https:\/\/api.w.org\/{rel}","templated":true}]}}