{"id":1510,"date":"2023-06-09T09:18:24","date_gmt":"2023-06-09T09:18:24","guid":{"rendered":"https:\/\/rebecamalatesta.com\/politica-de-privacidad\/"},"modified":"2026-02-10T09:39:41","modified_gmt":"2026-02-10T09:39:41","slug":"politica-de-privacidad","status":"publish","type":"page","link":"https:\/\/rebecamalatesta.com\/en\/politica-de-privacidad\/","title":{"rendered":"POL\u00cdTICA DE PRIVACIDAD"},"content":{"rendered":"\t\t<div data-elementor-type=\"wp-page\" data-elementor-id=\"1510\" class=\"elementor elementor-1510 elementor-704\" data-elementor-post-type=\"page\">\n\t\t\t\t\t\t<section class=\"elementor-section elementor-top-section elementor-element elementor-element-63ac7d1 elementor-section-boxed elementor-section-height-default elementor-section-height-default\" data-id=\"63ac7d1\" data-element_type=\"section\" data-settings=\"{&quot;background_background&quot;:&quot;classic&quot;}\">\n\t\t\t\t\t\t\t<div class=\"elementor-background-overlay\"><\/div>\n\t\t\t\t\t\t\t<div class=\"elementor-container elementor-column-gap-default\">\n\t\t\t\t\t<div class=\"elementor-column elementor-col-100 elementor-top-column elementor-element elementor-element-9c390ca\" data-id=\"9c390ca\" data-element_type=\"column\">\n\t\t\t<div class=\"elementor-widget-wrap elementor-element-populated\">\n\t\t\t\t\t\t<div class=\"elementor-element elementor-element-c36e6a6 elementor-widget elementor-widget-heading\" data-id=\"c36e6a6\" data-element_type=\"widget\" data-widget_type=\"heading.default\">\n\t\t\t\t<div class=\"elementor-widget-container\">\n\t\t\t\t\t<h1 class=\"elementor-heading-title elementor-size-default\">Pol\u00edtica de Privacidad<\/h1>\t\t\t\t<\/div>\n\t\t\t\t<\/div>\n\t\t\t\t\t<\/div>\n\t\t<\/div>\n\t\t\t\t\t<\/div>\n\t\t<\/section>\n\t\t\t\t<section class=\"elementor-section elementor-top-section elementor-element elementor-element-aca2fbb elementor-section-boxed elementor-section-height-default elementor-section-height-default\" data-id=\"aca2fbb\" data-element_type=\"section\" data-settings=\"{&quot;background_background&quot;:&quot;classic&quot;}\">\n\t\t\t\t\t\t<div class=\"elementor-container elementor-column-gap-default\">\n\t\t\t\t\t<div class=\"elementor-column elementor-col-100 elementor-top-column elementor-element elementor-element-48052dd\" data-id=\"48052dd\" data-element_type=\"column\">\n\t\t\t<div class=\"elementor-widget-wrap elementor-element-populated\">\n\t\t\t\t\t\t<section class=\"elementor-section elementor-inner-section elementor-element elementor-element-dee6404 elementor-section-boxed elementor-section-height-default elementor-section-height-default\" data-id=\"dee6404\" data-element_type=\"section\">\n\t\t\t\t\t\t<div class=\"elementor-container elementor-column-gap-default\">\n\t\t\t\t\t<div class=\"elementor-column elementor-col-100 elementor-inner-column elementor-element elementor-element-a37bc93\" data-id=\"a37bc93\" data-element_type=\"column\">\n\t\t\t<div class=\"elementor-widget-wrap elementor-element-populated\">\n\t\t\t\t\t\t<div class=\"elementor-element elementor-element-b3daccd elementor-widget elementor-widget-heading\" data-id=\"b3daccd\" data-element_type=\"widget\" data-widget_type=\"heading.default\">\n\t\t\t\t<div class=\"elementor-widget-container\">\n\t\t\t\t\t<h2 class=\"elementor-heading-title elementor-size-default\">Datos del propietario de la web:<\/h2>\t\t\t\t<\/div>\n\t\t\t\t<\/div>\n\t\t\t\t<div class=\"elementor-element elementor-element-a8a25d4 elementor-widget elementor-widget-text-editor\" data-id=\"a8a25d4\" data-element_type=\"widget\" data-widget_type=\"text-editor.default\">\n\t\t\t\t<div class=\"elementor-widget-container\">\n\t\t\t\t\t\t\t\t\t<ul>\n<li>Raz\u00f3n Social: Rebeca Liliana Malatesta Pacheco<\/li>\n<li>CIF: X7591653C<\/li>\n<li>Domicilio: Pol\u00edgono 2 Parcela 24\nFinca Son Miranda 07140 Sencelles<\/li>\n<li>Tel\u00e9fono: +34 601229923<\/li>\n<li>Direcci\u00f3n electr\u00f3nica: tontessa@gmail.com<\/li>\n<li>N\u00ba Registro\/Datos adicionales<\/li>\n<\/ul>\t\t\t\t\t\t\t\t<\/div>\n\t\t\t\t<\/div>\n\t\t\t\t\t<\/div>\n\t\t<\/div>\n\t\t\t\t\t<\/div>\n\t\t<\/section>\n\t\t\t\t<section class=\"elementor-section elementor-inner-section elementor-element elementor-element-32554ca elementor-section-boxed elementor-section-height-default elementor-section-height-default\" data-id=\"32554ca\" data-element_type=\"section\">\n\t\t\t\t\t\t<div class=\"elementor-container elementor-column-gap-default\">\n\t\t\t\t\t<div class=\"elementor-column elementor-col-100 elementor-inner-column elementor-element elementor-element-665aa56\" data-id=\"665aa56\" data-element_type=\"column\">\n\t\t\t<div class=\"elementor-widget-wrap elementor-element-populated\">\n\t\t\t\t\t\t<div class=\"elementor-element elementor-element-249daf1 elementor-widget elementor-widget-heading\" data-id=\"249daf1\" data-element_type=\"widget\" data-widget_type=\"heading.default\">\n\t\t\t\t<div class=\"elementor-widget-container\">\n\t\t\t\t\t<h2 class=\"elementor-heading-title elementor-size-default\">Protecci\u00f3n de datos<\/h2>\t\t\t\t<\/div>\n\t\t\t\t<\/div>\n\t\t\t\t<div class=\"elementor-element elementor-element-a3cfcbe elementor-widget elementor-widget-text-editor\" data-id=\"a3cfcbe\" data-element_type=\"widget\" data-widget_type=\"text-editor.default\">\n\t\t\t\t<div class=\"elementor-widget-container\">\n\t\t\t\t\t\t\t\t\tDe conformidad con la normativa vigente y aplicable en protecci\u00f3n de datos de car\u00e1cter personal, le\ninformamos que sus datos ser\u00e1n incorporados al sistema de tratamiento titularidad de REBECA LILIANA\nMALATESTA PACHECO con NIF X7591653C y domicilio social sito en POLIGONO 2 &#8211; PARCELA\n24,07140 SANCELLAS(ILLES BALEARS). A continuaci\u00f3n, se facilita la informaci\u00f3n de los tratamientos\nrealizados: \t\t\t\t\t\t\t\t<\/div>\n\t\t\t\t<\/div>\n\t\t\t\t<div class=\"elementor-element elementor-element-963c26d elementor-widget elementor-widget-heading\" data-id=\"963c26d\" data-element_type=\"widget\" data-widget_type=\"heading.default\">\n\t\t\t\t<div class=\"elementor-widget-container\">\n\t\t\t\t\t<h2 class=\"elementor-heading-title elementor-size-default\">Tratamiento realizados<\/h2>\t\t\t\t<\/div>\n\t\t\t\t<\/div>\n\t\t\t\t<div class=\"elementor-element elementor-element-2edba53 elementor-widget elementor-widget-text-editor\" data-id=\"2edba53\" data-element_type=\"widget\" data-widget_type=\"text-editor.default\">\n\t\t\t\t<div class=\"elementor-widget-container\">\n\t\t\t\t\t\t\t\t\t<strong><u>Acciones comerciales formulario web<\/u><\/strong>\n<ul>\n \t<li><strong>Finalidad:<\/strong> Captaci\u00f3n, registro y tratamiento de datos con finalidades de atender\nsus consultas y\/o solicitudes, as\u00ed como de publicidad y prospecci\u00f3n comercial.<\/li>\n \t<li><strong>Plazo de conservaci\u00f3n:<\/strong> mientras se mantenga el consentimiento prestado,\nsalvo obligaci\u00f3n legal.<\/li>\n \t<li><strong>Base leg\u00edtima:<\/strong> El consentimiento del interesado.<\/li>\n \t\n<li><strong>Tipolog\u00eda de Datos:<\/strong>\n<ul>\n<li><strong>Datos b\u00e1sicos:<\/strong> Nombre y apellidos, Direcci\u00f3n electr\u00f3nica<\/li>\n<\/ul>\n<\/li>\n<\/ul>\n<\/ul>\t\t\t\t\t\t\t\t<\/div>\n\t\t\t\t<\/div>\n\t\t\t\t<div class=\"elementor-element elementor-element-32cd892 elementor-widget elementor-widget-text-editor\" data-id=\"32cd892\" data-element_type=\"widget\" data-widget_type=\"text-editor.default\">\n\t\t\t\t<div class=\"elementor-widget-container\">\n\t\t\t\t\t\t\t\t\t<strong><u>Gesti\u00f3n usuarios web<\/u><\/strong>\n<ul>\n \t<li><strong>Finalidad:<\/strong> Captaci\u00f3n, registro y tratamiento de datos del usuario.<\/li>\n \t<li><strong>Plazo de conservaci\u00f3n:<\/strong> mientras se mantenga el consentimiento prestado,\nsalvo obligaci\u00f3n legal.<\/li>\n \t<li><strong>Base leg\u00edtima:<\/strong> El consentimiento del interesado.<\/li>\n \t<li><strong>Tipolog\u00eda de Datos:<\/strong>\n<ul>\n \t<li><strong>Datos b\u00e1sicos:<\/strong> Nombre y apellidos, Direcci\u00f3n electr\u00f3nica<\/li>\n<\/ul>\n<\/li>\n<\/ul>\t\t\t\t\t\t\t\t<\/div>\n\t\t\t\t<\/div>\n\t\t\t\t<div class=\"elementor-element elementor-element-f55d440 elementor-widget elementor-widget-text-editor\" data-id=\"f55d440\" data-element_type=\"widget\" data-widget_type=\"text-editor.default\">\n\t\t\t\t<div class=\"elementor-widget-container\">\n\t\t\t\t\t\t\t\t\t<strong><u>Newsletter<\/u><\/strong>\n<ul>\n \t<li><strong>Finalidad:<\/strong> Gesti\u00f3n de la suscripci\u00f3n a la newsletter, para realizar los env\u00edos\ncorrespondientes.<\/li>\n \t<li><strong>Plazo de conservaci\u00f3n:<\/strong> mientras se mantenga el consentimiento prestado.<\/li>\n \t<li><strong>Base leg\u00edtima:<\/strong> El consentimiento del interesado.<\/li>\n \t<li><strong>Tipolog\u00eda de Datos:<\/strong>\n<ul>\n \t<li><strong>Datos b\u00e1sicos:<\/strong> Nombre y apellidos, Direcci\u00f3n electr\u00f3nica<\/li>\n<\/ul>\n<\/li>\n<\/ul>\t\t\t\t\t\t\t\t<\/div>\n\t\t\t\t<\/div>\n\t\t\t\t<div class=\"elementor-element elementor-element-c092d4c elementor-widget elementor-widget-text-editor\" data-id=\"c092d4c\" data-element_type=\"widget\" data-widget_type=\"text-editor.default\">\n\t\t\t\t<div class=\"elementor-widget-container\">\n\t\t\t\t\t\t\t\t\t<strong><u>Instalaci\u00f3n de cookies<\/u><\/strong>\n<ul>\n \t<li><strong>Finalidad:<\/strong> Gesti\u00f3n e instalaci\u00f3n de las cookies.<\/li>\n \t<li><strong>Plazo de conservaci\u00f3n:<\/strong> mientras se mantenga el consentimiento prestado.<\/li>\n \t<li><strong>Base leg\u00edtima:<\/strong> El consentimiento del interesado.<\/li>\n \t<li><strong>Tipolog\u00eda de Datos:<\/strong>\n<ul>\n \t<li><strong>Datos b\u00e1sicos:<\/strong> Direcci\u00f3n electr\u00f3nica, Direcci\u00f3n IP<\/li>\n<\/ul>\n<\/li>\n<\/ul>\t\t\t\t\t\t\t\t<\/div>\n\t\t\t\t<\/div>\n\t\t\t\t<div class=\"elementor-element elementor-element-40ec31e elementor-widget elementor-widget-text-editor\" data-id=\"40ec31e\" data-element_type=\"widget\" data-widget_type=\"text-editor.default\">\n\t\t\t\t<div class=\"elementor-widget-container\">\n\t\t\t\t\t\t\t\t\t<strong><u>Gesti\u00f3n Formulario\nweb<\/u><\/strong>\n<ul>\n \t<li><strong>Finalidad:<\/strong> Atender sus consultas y\/o solicitudes.<\/li>\n \t<li><strong>Plazo de conservaci\u00f3n:<\/strong> mientras se mantenga el consentimiento prestado.<\/li>\n \t<li><strong>Base leg\u00edtima:<\/strong> El consentimiento del interesado.<\/li>\n \t<li><strong>Tipolog\u00eda de Datos:<\/strong>\n<ul>\n \t<li><strong>Datos b\u00e1sicos:<\/strong> Nombre y apellidos, Direcci\u00f3n electr\u00f3nica, Direcci\u00f3n IP<\/li>\n<\/ul>\n<\/li>\n<\/ul>\t\t\t\t\t\t\t\t<\/div>\n\t\t\t\t<\/div>\n\t\t\t\t<div class=\"elementor-element elementor-element-126aca1 elementor-widget elementor-widget-heading\" data-id=\"126aca1\" data-element_type=\"widget\" data-widget_type=\"heading.default\">\n\t\t\t\t<div class=\"elementor-widget-container\">\n\t\t\t\t\t<h2 class=\"elementor-heading-title elementor-size-default\">Derechos de los interesados<\/h2>\t\t\t\t<\/div>\n\t\t\t\t<\/div>\n\t\t\t\t<div class=\"elementor-element elementor-element-e3bc676 elementor-widget elementor-widget-text-editor\" data-id=\"e3bc676\" data-element_type=\"widget\" data-widget_type=\"text-editor.default\">\n\t\t\t\t<div class=\"elementor-widget-container\">\n\t\t\t\t\t\t\t\t\tREBECA LILIANA MALATESTA PACHECO informa a los Usuarios que, podr\u00e1 ejercer los derechos de\nacceso, rectificaci\u00f3n, limitaci\u00f3n, supresi\u00f3n, portabilidad, oposici\u00f3n al tratamiento de sus datos de car\u00e1cter\npersonal y el derecho a no ser objeto de decisiones automatizadas, incluida la elaboraci\u00f3n de perfiles,\nante el Responsable del Tratamiento, as\u00ed como a la retirada del consentimiento prestado.\t\t\t\t\t\t\t\t<\/div>\n\t\t\t\t<\/div>\n\t\t\t\t<div class=\"elementor-element elementor-element-ae8bae9 elementor-widget elementor-widget-text-editor\" data-id=\"ae8bae9\" data-element_type=\"widget\" data-widget_type=\"text-editor.default\">\n\t\t\t\t<div class=\"elementor-widget-container\">\n\t\t\t\t\t\t\t\t\t<ul>\n<li><strong>Derecho de Acceso:<\/strong> Es el derecho del usuario a obtener confirmaci\u00f3n sobre si se est\u00e1n\ntratando sus datos y, en tal caso, los concretos datos personales tratados y la informaci\u00f3n legal\ndel tratamiento (finalidades, base legitimadora, plazos de conservaci\u00f3n, cesiones, origen de los\ndatos, etc.).<\/li>\n<li><strong>Derecho de Rectificaci\u00f3n:<\/strong> Es el derecho del afectado a que se modifiquen los datos que\nresulten ser inexactos o incompletos. En relaci\u00f3n a la p\u00e1gina web, s\u00f3lo podr\u00e1 satisfacerse en\nrelaci\u00f3n a aquella informaci\u00f3n que se encuentre bajo el control del sitio web, por ejemplo,\neliminar comentarios publicados en la propia p\u00e1gina, im\u00e1genes o contenidos web donde consten\ndatos de car\u00e1cter personal del usuario. <\/li>\n<li><strong>Derecho a la Limitaci\u00f3n de tratamiento:<\/strong> Es el derecho a que se limiten los fines del tratamiento\nprevistos de forma original por el responsable del tratamiento en determinados supuestos.<\/li>\n<li><strong>Derecho de Supresi\u00f3n:<\/strong> Es el derecho a suprimir los datos de car\u00e1cter personal del usuario, a\nexcepci\u00f3n de lo previsto en el propio RGPD (libertad de expresi\u00f3n e informaci\u00f3n, obligaciones de\nconservaci\u00f3n, formulaci\u00f3n, ejercicio o defensa de reclamaciones, etc.).<\/li>\n<li><strong>Derecho a la Portabilidad:<\/strong> El derecho a recibir los datos personales que el usuario haya\nfacilitado, en un formato estructurado, de uso com\u00fan y lectura mec\u00e1nica, y a transmitirlos a otro\nresponsable cuando el tratamiento est\u00e1 basado en el consentimiento o en la ejecuci\u00f3n de un\ncontrato y se efect\u00fae por medios automatizados.<\/li>\n<li><strong>Derecho de Oposici\u00f3n:<\/strong> Es el derecho del usuario a que no se lleve a cabo el tratamiento de sus\ndatos de car\u00e1cter personal o se cese el tratamiento de los mismos por parte del sitio web cuando\nel tratamiento est\u00e9 basado en el inter\u00e9s leg\u00edtimo o el inter\u00e9s p\u00fablico o cuando se trate de\ntratamientos de mercadotecnia directa.<\/li>\n<li><strong>Derecho a no ser objeto de decisiones automatizadas, incluida la elaboraci\u00f3n de perfiles:<\/strong>\nCuando el tratamiento no es necesario para la celebraci\u00f3n o ejecuci\u00f3n de un contrato, ni est\u00e1\nautorizada por el Derecho de la Uni\u00f3n Europea o de los Estados miembros ni se basa en el\nconsentimiento, tiene derecho a no ser objeto de una decisi\u00f3n basada \u00fanicamente en el\ntratamiento automatizado, incluida la elaboraci\u00f3n de perfiles, que produzca efectos jur\u00eddicos o le\nafecte significativamente de modo similar.<\/li>\n<li><strong>Derecho a retirar el consentimiento:<\/strong> Para cualquier tratamiento basado en su consentimiento,\ntiene derecho a retirarlo, en cualquier momento y de manera gratuita.<\/li>\n<\/ul>\t\t\t\t\t\t\t\t<\/div>\n\t\t\t\t<\/div>\n\t\t\t\t<div class=\"elementor-element elementor-element-100de54 elementor-widget elementor-widget-text-editor\" data-id=\"100de54\" data-element_type=\"widget\" data-widget_type=\"text-editor.default\">\n\t\t\t\t<div class=\"elementor-widget-container\">\n\t\t\t\t\t\t\t\t\tPara ejercer cualquiera de los derechos en materia de protecci\u00f3n de datos descritos anteriormente deber\u00e1\nseguir las siguientes indicaciones:\t\t\t\t\t\t\t\t<\/div>\n\t\t\t\t<\/div>\n\t\t\t\t<div class=\"elementor-element elementor-element-36e8896 elementor-widget elementor-widget-text-editor\" data-id=\"36e8896\" data-element_type=\"widget\" data-widget_type=\"text-editor.default\">\n\t\t\t\t<div class=\"elementor-widget-container\">\n\t\t\t\t\t\t\t\t\t<ul>\n<li>Presentaci\u00f3n de un escrito a la direcci\u00f3n POLIGONO 2 &#8211; PARCELA 24,07140\nSANCELLAS(ILLES BALEARS) (a la atenci\u00f3n de REBECA LILIANA MALATESTA PACHECO) o\nbien a trav\u00e9s de correo electr\u00f3nico a por correo electr\u00f3nico a tontessa@gmail.com .<\/li>\n<li>El escrito remitido por el titular de los datos personales (interesado\/a) que solicite el ejercicio de\nderechos deber\u00e1 tener en cuenta lo siguiente:<ul>\n<li>\nDeber\u00e1 identificarse fehacientemente y, en el caso de que concurran dudas sobre la\nidentidad del solicitante, se le solicitar\u00e1 que subsane la petici\u00f3n (p. ej. solicitando m\u00e1s\ninformaci\u00f3n, como el n\u00famero de DNI, el documento del DNI, el correo electr\u00f3nico que\naport\u00f3, etc.) \n<\/li>\n<li>\nLa solicitud puede realizarla el representante, legal o voluntario, cuando \u00e9ste est\u00e9\ndebidamente identificado y autorizado por el titular de los datos (mediante una\nautorizaci\u00f3n expresa del titular para ejercer los derechos personal\u00edsimos regulados en la\nnormativa en materia de protecci\u00f3n de datos personales).\n<\/li>\n<li>\nPetici\u00f3n en que se concreta la solicitud (Derecho\/s que se pretende\/n ejercer). Si no\nhace referencia a un tratamiento concreto se le facilitar\u00e1 respuesta en relaci\u00f3n a todos\nlos tratamientos que afectan a sus datos de car\u00e1cter personal. Si solicita informaci\u00f3n de\nun tratamiento en concreto, s\u00f3lo la informaci\u00f3n de \u00e9ste. Si lo solicita por tel\u00e9fono se le\nindicar\u00e1 que lo haga por escrito y se le informar\u00e1 de c\u00f3mo lo puede hacer y la direcci\u00f3n\na la que tiene que enviarlo. Nunca se le dar\u00e1 informaci\u00f3n por tel\u00e9fono.    \n<\/li>\n<li>\nDirecci\u00f3n postal o electr\u00f3nica a efectos de notificaciones.\n<\/li>\n<li>\nDocumentos acreditativos de la petici\u00f3n que formula, en caso de que sean necesarios.\n<\/li>\n<li>\nLa persona solicitante debe utilizar cualquier medio que permita acreditar el env\u00edo y la\nrecepci\u00f3n de la solicitud.\n<\/li>\n<\/ul><\/li>\n<\/ul>\t\t\t\t\t\t\t\t<\/div>\n\t\t\t\t<\/div>\n\t\t\t\t<div class=\"elementor-element elementor-element-65c1aed elementor-widget elementor-widget-text-editor\" data-id=\"65c1aed\" data-element_type=\"widget\" data-widget_type=\"text-editor.default\">\n\t\t\t\t<div class=\"elementor-widget-container\">\n\t\t\t\t\t\t\t\t\tPor \u00faltimo, le informamos que tiene derecho a presentar una reclamaci\u00f3n ante la Agencia Espa\u00f1ola de\nProtecci\u00f3n de Datos en caso de que tenga conocimiento o considere que un hecho pueda suponer un\nincumplimiento de la normativa aplicable en materia de protecci\u00f3n de datos.\t\t\t\t\t\t\t\t<\/div>\n\t\t\t\t<\/div>\n\t\t\t\t<div class=\"elementor-element elementor-element-fff4975 elementor-widget elementor-widget-text-editor\" data-id=\"fff4975\" data-element_type=\"widget\" data-widget_type=\"text-editor.default\">\n\t\t\t\t<div class=\"elementor-widget-container\">\n\t\t\t\t\t\t\t\t\tREBECA LILIANA MALATESTA PACHECO se compromete a adoptar las medidas t\u00e9cnicas y\norganizativas necesarias, acorde al nivel de riesgos que acompa\u00f1an los tratamientos realizados por \u00e9stas\ne indicados en este mismo apartado, de forma que garanticen su integridad, confidencialidad y\ndisponibilidad.\t\t\t\t\t\t\t\t<\/div>\n\t\t\t\t<\/div>\n\t\t\t\t<div class=\"elementor-element elementor-element-388e63d elementor-widget elementor-widget-text-editor\" data-id=\"388e63d\" data-element_type=\"widget\" data-widget_type=\"text-editor.default\">\n\t\t\t\t<div class=\"elementor-widget-container\">\n\t\t\t\t\t\t\t\t\tLast update: 19 de enero de 2026\t\t\t\t\t\t\t\t<\/div>\n\t\t\t\t<\/div>\n\t\t\t\t\t<\/div>\n\t\t<\/div>\n\t\t\t\t\t<\/div>\n\t\t<\/section>\n\t\t\t\t\t<\/div>\n\t\t<\/div>\n\t\t\t\t\t<\/div>\n\t\t<\/section>\n\t\t\t\t<section class=\"elementor-section elementor-top-section elementor-element elementor-element-d91d90d elementor-section-boxed elementor-section-height-default elementor-section-height-default\" data-id=\"d91d90d\" data-element_type=\"section\" data-settings=\"{&quot;shape_divider_bottom&quot;:&quot;tilt&quot;,&quot;background_background&quot;:&quot;classic&quot;}\">\n\t\t\t\t\t<div class=\"elementor-shape elementor-shape-bottom\" aria-hidden=\"true\" data-negative=\"false\">\n\t\t\t<svg xmlns=\"http:\/\/www.w3.org\/2000\/svg\" viewBox=\"0 0 1000 100\" preserveAspectRatio=\"none\">\n\t<path class=\"elementor-shape-fill\" d=\"M0,6V0h1000v100L0,6z\"\/>\n<\/svg>\t\t<\/div>\n\t\t\t\t\t<div class=\"elementor-container elementor-column-gap-default\">\n\t\t\t\t\t<div class=\"elementor-column elementor-col-100 elementor-top-column elementor-element elementor-element-ca564c4\" data-id=\"ca564c4\" data-element_type=\"column\">\n\t\t\t<div class=\"elementor-widget-wrap\">\n\t\t\t\t\t\t\t<\/div>\n\t\t<\/div>\n\t\t\t\t\t<\/div>\n\t\t<\/section>\n\t\t\t\t<\/div>\n\t\t","protected":false},"excerpt":{"rendered":"<p>Pol\u00edtica de Privacidad Datos del propietario de la web: Raz\u00f3n Social: Rebeca Liliana Malatesta Pacheco CIF: X7591653C Domicilio: Pol\u00edgono 2 Parcela 24 Finca Son Miranda 07140 Sencelles Tel\u00e9fono: +34 601229923 Direcci\u00f3n electr\u00f3nica: tontessa@gmail.com N\u00ba Registro\/Datos adicionales Protecci\u00f3n de datos De conformidad con la normativa vigente y aplicable en protecci\u00f3n de datos de car\u00e1cter personal, le [&hellip;]<\/p>\n","protected":false},"author":1,"featured_media":0,"parent":0,"menu_order":0,"comment_status":"closed","ping_status":"closed","template":"","meta":{"site-sidebar-layout":"no-sidebar","site-content-layout":"page-builder","ast-site-content-layout":"full-width-container","site-content-style":"unboxed","site-sidebar-style":"unboxed","ast-global-header-display":"","ast-banner-title-visibility":"","ast-main-header-display":"","ast-hfb-above-header-display":"","ast-hfb-below-header-display":"","ast-hfb-mobile-header-display":"","site-post-title":"disabled","ast-breadcrumbs-content":"","ast-featured-img":"disabled","footer-sml-layout":"","ast-disable-related-posts":"","theme-transparent-header-meta":"","adv-header-id-meta":"","stick-header-meta":"","header-above-stick-meta":"","header-main-stick-meta":"","header-below-stick-meta":"","astra-migrate-meta-layouts":"default","ast-page-background-enabled":"default","ast-page-background-meta":{"desktop":{"background-color":"","background-image":"","background-repeat":"repeat","background-position":"center center","background-size":"auto","background-attachment":"scroll","background-type":"","background-media":"","overlay-type":"","overlay-color":"","overlay-opacity":"","overlay-gradient":""},"tablet":{"background-color":"","background-image":"","background-repeat":"repeat","background-position":"center center","background-size":"auto","background-attachment":"scroll","background-type":"","background-media":"","overlay-type":"","overlay-color":"","overlay-opacity":"","overlay-gradient":""},"mobile":{"background-color":"","background-image":"","background-repeat":"repeat","background-position":"center center","background-size":"auto","background-attachment":"scroll","background-type":"","background-media":"","overlay-type":"","overlay-color":"","overlay-opacity":"","overlay-gradient":""}},"ast-content-background-meta":{"desktop":{"background-color":"var(--ast-global-color-5)","background-image":"","background-repeat":"repeat","background-position":"center center","background-size":"auto","background-attachment":"scroll","background-type":"","background-media":"","overlay-type":"","overlay-color":"","overlay-opacity":"","overlay-gradient":""},"tablet":{"background-color":"var(--ast-global-color-5)","background-image":"","background-repeat":"repeat","background-position":"center center","background-size":"auto","background-attachment":"scroll","background-type":"","background-media":"","overlay-type":"","overlay-color":"","overlay-opacity":"","overlay-gradient":""},"mobile":{"background-color":"var(--ast-global-color-5)","background-image":"","background-repeat":"repeat","background-position":"center center","background-size":"auto","background-attachment":"scroll","background-type":"","background-media":"","overlay-type":"","overlay-color":"","overlay-opacity":"","overlay-gradient":""}},"footnotes":""},"class_list":["post-1510","page","type-page","status-publish","hentry"],"_links":{"self":[{"href":"https:\/\/rebecamalatesta.com\/en\/wp-json\/wp\/v2\/pages\/1510","targetHints":{"allow":["GET"]}}],"collection":[{"href":"https:\/\/rebecamalatesta.com\/en\/wp-json\/wp\/v2\/pages"}],"about":[{"href":"https:\/\/rebecamalatesta.com\/en\/wp-json\/wp\/v2\/types\/page"}],"author":[{"embeddable":true,"href":"https:\/\/rebecamalatesta.com\/en\/wp-json\/wp\/v2\/users\/1"}],"replies":[{"embeddable":true,"href":"https:\/\/rebecamalatesta.com\/en\/wp-json\/wp\/v2\/comments?post=1510"}],"version-history":[{"count":1,"href":"https:\/\/rebecamalatesta.com\/en\/wp-json\/wp\/v2\/pages\/1510\/revisions"}],"predecessor-version":[{"id":1511,"href":"https:\/\/rebecamalatesta.com\/en\/wp-json\/wp\/v2\/pages\/1510\/revisions\/1511"}],"wp:attachment":[{"href":"https:\/\/rebecamalatesta.com\/en\/wp-json\/wp\/v2\/media?parent=1510"}],"curies":[{"name":"wp","href":"https:\/\/api.w.org\/{rel}","templated":true}]}}