{"id":1341,"date":"2023-06-09T13:37:49","date_gmt":"2023-06-09T13:37:49","guid":{"rendered":"https:\/\/rebecamalatesta.com\/ueber-uns\/"},"modified":"2026-01-27T09:09:13","modified_gmt":"2026-01-27T09:09:13","slug":"ueber-uns","status":"publish","type":"page","link":"https:\/\/rebecamalatesta.com\/de\/ueber-uns\/","title":{"rendered":"\u00dcBER UNS"},"content":{"rendered":"\t\t<div data-elementor-type=\"wp-page\" data-elementor-id=\"1341\" class=\"elementor elementor-1341 elementor-754\" data-elementor-post-type=\"page\">\n\t\t\t\t\t\t<section class=\"elementor-section elementor-top-section elementor-element elementor-element-506774e elementor-section-boxed elementor-section-height-default elementor-section-height-default\" data-id=\"506774e\" data-element_type=\"section\" data-settings=\"{&quot;background_background&quot;:&quot;classic&quot;}\">\n\t\t\t\t\t\t\t<div class=\"elementor-background-overlay\"><\/div>\n\t\t\t\t\t\t\t<div class=\"elementor-container elementor-column-gap-default\">\n\t\t\t\t\t<div class=\"elementor-column elementor-col-50 elementor-top-column elementor-element elementor-element-31c7add\" data-id=\"31c7add\" data-element_type=\"column\">\n\t\t\t<div class=\"elementor-widget-wrap elementor-element-populated\">\n\t\t\t\t\t\t<div class=\"elementor-element elementor-element-67298c0 elementor-widget elementor-widget-heading\" data-id=\"67298c0\" data-element_type=\"widget\" data-widget_type=\"heading.default\">\n\t\t\t\t<div class=\"elementor-widget-container\">\n\t\t\t\t\t<h4 class=\"elementor-heading-title elementor-size-default\">Entdecke alle Geheimnisse<\/h4>\t\t\t\t<\/div>\n\t\t\t\t<\/div>\n\t\t\t\t<div class=\"elementor-element elementor-element-cd67233 elementor-widget-divider--view-line elementor-widget elementor-widget-divider\" data-id=\"cd67233\" data-element_type=\"widget\" data-widget_type=\"divider.default\">\n\t\t\t\t<div class=\"elementor-widget-container\">\n\t\t\t\t\t\t\t<div class=\"elementor-divider\">\n\t\t\t<span class=\"elementor-divider-separator\">\n\t\t\t\t\t\t<\/span>\n\t\t<\/div>\n\t\t\t\t\t\t<\/div>\n\t\t\t\t<\/div>\n\t\t\t\t<div class=\"elementor-element elementor-element-7f3099a elementor-widget elementor-widget-heading\" data-id=\"7f3099a\" data-element_type=\"widget\" data-widget_type=\"heading.default\">\n\t\t\t\t<div class=\"elementor-widget-container\">\n\t\t\t\t\t<h1 class=\"elementor-heading-title elementor-size-default\">Mit einem echten<br>Sommelier<\/h1>\t\t\t\t<\/div>\n\t\t\t\t<\/div>\n\t\t\t\t\t<\/div>\n\t\t<\/div>\n\t\t\t\t<div class=\"elementor-column elementor-col-50 elementor-top-column elementor-element elementor-element-c35a90e\" data-id=\"c35a90e\" data-element_type=\"column\" data-settings=\"{&quot;background_background&quot;:&quot;classic&quot;}\">\n\t\t\t<div class=\"elementor-widget-wrap\">\n\t\t\t\t\t\t\t<\/div>\n\t\t<\/div>\n\t\t\t\t\t<\/div>\n\t\t<\/section>\n\t\t\t\t<section class=\"elementor-section elementor-top-section elementor-element elementor-element-af61149 elementor-section-boxed elementor-section-height-default elementor-section-height-default\" data-id=\"af61149\" data-element_type=\"section\" data-settings=\"{&quot;background_background&quot;:&quot;classic&quot;}\">\n\t\t\t\t\t\t<div class=\"elementor-container elementor-column-gap-default\">\n\t\t\t\t\t<div class=\"elementor-column elementor-col-50 elementor-top-column elementor-element elementor-element-3810703\" data-id=\"3810703\" data-element_type=\"column\">\n\t\t\t<div class=\"elementor-widget-wrap elementor-element-populated\">\n\t\t\t\t\t\t<div class=\"elementor-element elementor-element-48831ea elementor-widget elementor-widget-heading\" data-id=\"48831ea\" data-element_type=\"widget\" data-widget_type=\"heading.default\">\n\t\t\t\t<div class=\"elementor-widget-container\">\n\t\t\t\t\t<h2 class=\"elementor-heading-title elementor-size-default\">Begib dich auf eine kulinarische Reise mit einem authentischen Sommelier<\/h2>\t\t\t\t<\/div>\n\t\t\t\t<\/div>\n\t\t\t\t<div class=\"elementor-element elementor-element-ebabb73 elementor-widget-divider--view-line elementor-widget elementor-widget-divider\" data-id=\"ebabb73\" data-element_type=\"widget\" data-widget_type=\"divider.default\">\n\t\t\t\t<div class=\"elementor-widget-container\">\n\t\t\t\t\t\t\t<div class=\"elementor-divider\">\n\t\t\t<span class=\"elementor-divider-separator\">\n\t\t\t\t\t\t<\/span>\n\t\t<\/div>\n\t\t\t\t\t\t<\/div>\n\t\t\t\t<\/div>\n\t\t\t\t<div class=\"elementor-element elementor-element-d90224f elementor-widget elementor-widget-text-editor\" data-id=\"d90224f\" data-element_type=\"widget\" data-widget_type=\"text-editor.default\">\n\t\t\t\t<div class=\"elementor-widget-container\">\n\t\t\t\t\t\t\t\t\tWer ist Rebeca Malatesta?\t\t\t\t\t\t\t\t<\/div>\n\t\t\t\t<\/div>\n\t\t\t\t<div class=\"elementor-element elementor-element-a47c9b2 elementor-widget elementor-widget-text-editor\" data-id=\"a47c9b2\" data-element_type=\"widget\" data-widget_type=\"text-editor.default\">\n\t\t\t\t<div class=\"elementor-widget-container\">\n\t\t\t\t\t\t\t\t\tAls Tochter einer Diplomatenfamilie wuchs sie in einem internationalen Umfeld auf und lernte fr\u00fch verschiedenste L\u00e4nder, Kulturen und deren kulinarische Identit\u00e4ten kennen. Schon seit ihrer Jugend, spricht sie flie\u00dfend vier Sprachen. Diese internationale Pr\u00e4gung sowie ihre ausgepr\u00e4gte Leidenschaft f\u00fcr Genuss f\u00fchrten sie konsequent in die Welt der gehobenen Gastronomie und Hotellerie, der sie sich \u00fcber viele Jahre hinweg in mehr als 15 L\u00e4ndern widmete. Bis heute pr\u00e4gen Kunst, Kultur und das Reisen an besondere Orte ihren Blick \u2013 im Zentrum jedoch steht stets ihre Leidenschaft f\u00fcr exzellente Gastronomie. \t\t\t\t\t\t\t\t<\/div>\n\t\t\t\t<\/div>\n\t\t\t\t<div class=\"elementor-element elementor-element-4fe41a8 elementor-widget elementor-widget-text-editor\" data-id=\"4fe41a8\" data-element_type=\"widget\" data-widget_type=\"text-editor.default\">\n\t\t\t\t<div class=\"elementor-widget-container\">\n\t\t\t\t\t\t\t\t\tIm Jahr 2015 lie\u00df sie sich auf Mallorca nieder und tauschte ihr bis dahin gelebtes, nomadisches Leben gegen einen festen Lebensmittelpunkt im Herzen der Insel. Dort widmete sie sich intensiv der Welt des Oliven\u00f6ls \u2013 einem Produkt von universeller Bedeutung, das in K\u00fcchen auf der ganzen Welt gesch\u00e4tzt und verwendet wird.  \t\t\t\t\t\t\t\t<\/div>\n\t\t\t\t<\/div>\n\t\t\t\t<div class=\"elementor-element elementor-element-63b45d8 elementor-widget elementor-widget-text-editor\" data-id=\"63b45d8\" data-element_type=\"widget\" data-widget_type=\"text-editor.default\">\n\t\t\t\t<div class=\"elementor-widget-container\">\n\t\t\t\t\t\t\t\t\tAuf einer Finca mit biologischem Olivenanbau kann sie ihre Leidenschaft f\u00fcr Oliven\u00f6l t\u00e4glich leben. Seit f\u00fcnf Jahren verantwortet sie die Verwaltung des 12 Hektar gro\u00dfen Anwesens, das sich auf die Herstellung von biologischem, nativem Oliven\u00f6l extra spezialisiert hat.\t\t\t\t\t\t\t\t<\/div>\n\t\t\t\t<\/div>\n\t\t\t\t\t<\/div>\n\t\t<\/div>\n\t\t\t\t<div class=\"elementor-column elementor-col-50 elementor-top-column elementor-element elementor-element-b8c408e\" data-id=\"b8c408e\" data-element_type=\"column\" data-settings=\"{&quot;background_background&quot;:&quot;classic&quot;}\">\n\t\t\t<div class=\"elementor-widget-wrap elementor-element-populated\">\n\t\t\t\t\t<div class=\"elementor-background-overlay\"><\/div>\n\t\t\t\t\t\t<div class=\"elementor-element elementor-element-00b7322 elementor-widget elementor-widget-image\" data-id=\"00b7322\" data-element_type=\"widget\" data-widget_type=\"image.default\">\n\t\t\t\t<div class=\"elementor-widget-container\">\n\t\t\t\t\t\t\t\t\t\t\t\t\t\t\t<img fetchpriority=\"high\" decoding=\"async\" width=\"1200\" height=\"1600\" src=\"https:\/\/rebecamalatesta.com\/wp-content\/uploads\/2025\/12\/IMG-20251218-WA0000.jpg\" class=\"attachment-full size-full wp-image-1337\" alt=\"\" srcset=\"https:\/\/rebecamalatesta.com\/wp-content\/uploads\/2025\/12\/IMG-20251218-WA0000.jpg 1200w, https:\/\/rebecamalatesta.com\/wp-content\/uploads\/2025\/12\/IMG-20251218-WA0000-225x300.jpg 225w, https:\/\/rebecamalatesta.com\/wp-content\/uploads\/2025\/12\/IMG-20251218-WA0000-768x1024.jpg 768w, https:\/\/rebecamalatesta.com\/wp-content\/uploads\/2025\/12\/IMG-20251218-WA0000-1152x1536.jpg 1152w\" sizes=\"(max-width: 1200px) 100vw, 1200px\" \/>\t\t\t\t\t\t\t\t\t\t\t\t\t\t\t<\/div>\n\t\t\t\t<\/div>\n\t\t\t\t\t<\/div>\n\t\t<\/div>\n\t\t\t\t\t<\/div>\n\t\t<\/section>\n\t\t\t\t<section class=\"elementor-section elementor-top-section elementor-element elementor-element-bc95192 elementor-section-boxed elementor-section-height-default elementor-section-height-default\" data-id=\"bc95192\" data-element_type=\"section\" data-settings=\"{&quot;background_background&quot;:&quot;classic&quot;}\">\n\t\t\t\t\t\t\t<div class=\"elementor-background-overlay\"><\/div>\n\t\t\t\t\t\t\t<div class=\"elementor-container elementor-column-gap-default\">\n\t\t\t\t\t<div class=\"elementor-column elementor-col-100 elementor-top-column elementor-element elementor-element-c97dd47\" data-id=\"c97dd47\" data-element_type=\"column\">\n\t\t\t<div class=\"elementor-widget-wrap elementor-element-populated\">\n\t\t\t\t\t\t<section class=\"elementor-section elementor-inner-section elementor-element elementor-element-89b5684 elementor-section-boxed elementor-section-height-default elementor-section-height-default\" data-id=\"89b5684\" data-element_type=\"section\">\n\t\t\t\t\t\t<div class=\"elementor-container elementor-column-gap-default\">\n\t\t\t\t\t<div class=\"elementor-column elementor-col-50 elementor-inner-column elementor-element elementor-element-0b705d7\" data-id=\"0b705d7\" data-element_type=\"column\" data-settings=\"{&quot;background_background&quot;:&quot;classic&quot;}\">\n\t\t\t<div class=\"elementor-widget-wrap elementor-element-populated\">\n\t\t\t\t\t\t<div class=\"elementor-element elementor-element-d4bf02c elementor-widget elementor-widget-image\" data-id=\"d4bf02c\" data-element_type=\"widget\" data-widget_type=\"image.default\">\n\t\t\t\t<div class=\"elementor-widget-container\">\n\t\t\t\t\t\t\t\t\t\t\t\t\t\t\t<img decoding=\"async\" width=\"430\" height=\"410\" data-src=\"https:\/\/rebecamalatesta.com\/wp-content\/uploads\/2025\/12\/imagotipo_blanco.png\" class=\"attachment-full size-full wp-image-1338 lazyload\" alt=\"\" data-srcset=\"https:\/\/rebecamalatesta.com\/wp-content\/uploads\/2025\/12\/imagotipo_blanco.png 430w, https:\/\/rebecamalatesta.com\/wp-content\/uploads\/2025\/12\/imagotipo_blanco-300x286.png 300w\" data-sizes=\"(max-width: 430px) 100vw, 430px\" src=\"data:image\/svg+xml;base64,PHN2ZyB3aWR0aD0iMSIgaGVpZ2h0PSIxIiB4bWxucz0iaHR0cDovL3d3dy53My5vcmcvMjAwMC9zdmciPjwvc3ZnPg==\" style=\"--smush-placeholder-width: 430px; --smush-placeholder-aspect-ratio: 430\/410;\" \/>\t\t\t\t\t\t\t\t\t\t\t\t\t\t\t<\/div>\n\t\t\t\t<\/div>\n\t\t\t\t\t<\/div>\n\t\t<\/div>\n\t\t\t\t<div class=\"elementor-column elementor-col-50 elementor-inner-column elementor-element elementor-element-721b4c5\" data-id=\"721b4c5\" data-element_type=\"column\">\n\t\t\t<div class=\"elementor-widget-wrap elementor-element-populated\">\n\t\t\t\t\t\t<div class=\"elementor-element elementor-element-426fb07 elementor-widget elementor-widget-text-editor\" data-id=\"426fb07\" data-element_type=\"widget\" data-widget_type=\"text-editor.default\">\n\t\t\t\t<div class=\"elementor-widget-container\">\n\t\t\t\t\t\t\t\t\tIm Jahr 2023 erwarb sie in London den offiziellen Titel der Oliven\u00f6l- Sommeli\u00e8re. Mit gro\u00dfer Hingabe investiert sie seither kontinuierlich Zeit in das vertiefte Studium dieses einzigartigen Naturprodukts. Ihre Leidenschaft und ihre langj\u00e4hrige internationale Erfahrung bilden die Grundlage, auf der sie ihr Wissen heute an Interessierte weitergibt. \t\t\t\t\t\t\t\t<\/div>\n\t\t\t\t<\/div>\n\t\t\t\t<div class=\"elementor-element elementor-element-fa9d28d elementor-widget elementor-widget-text-editor\" data-id=\"fa9d28d\" data-element_type=\"widget\" data-widget_type=\"text-editor.default\">\n\t\t\t\t<div class=\"elementor-widget-container\">\n\t\t\t\t\t\t\t\t\tTauche ein in die faszinierende Welt des Bio nativen Oliven\u00f6ls extra und erlebe eine exklusive, individuell gestaltete Verkostung unter der pers\u00f6nlichen Leitung von Rebeca. Als international erfahrene Sommeli\u00e8re f\u00fchrt sie dich mit Feingef\u00fchl und Expertise durch ein Genusserlebnis, das weit \u00fcber das Gew\u00f6hnliche hinausgeht. Entdecke die feinen Nuancen, intensiven Aromen und eleganten Texturen hochwertiger Oliven\u00f6le und lerne, Qualit\u00e4t mit gesch\u00e4rften Sinnen zu erkennen und zu sch\u00e4tzen. Mit Leidenschaft erz\u00e4hlt Rebeca die jahrtausendealte Geschichte des Olivenbaums \u2013 von seinen kulturellen Urspr\u00fcngen bis hin zu seiner Bedeutung als kostbares Naturprodukt der mediterranen Lebensart.  \t\t\t\t\t\t\t\t<\/div>\n\t\t\t\t<\/div>\n\t\t\t\t<div class=\"elementor-element elementor-element-0ded1a7 elementor-widget elementor-widget-text-editor\" data-id=\"0ded1a7\" data-element_type=\"widget\" data-widget_type=\"text-editor.default\">\n\t\t\t\t<div class=\"elementor-widget-container\">\n\t\t\t\t\t\t\t\t\tDu erh\u00e4ltst exklusive Einblicke in traditionelle und moderne \u00d6lproduktionstechniken und lernst professionelle Verkostungsmethoden anhand anschaulicher Demonstrationen kennen. Erfahre, wie Oliven\u00f6le bewertet werden, wie Defekte identifiziert werden und welche Eigenschaften ein \u00d6l zu einem echten Premium-Produkt machen. \t\t\t\t\t\t\t\t<\/div>\n\t\t\t\t<\/div>\n\t\t\t\t<div class=\"elementor-element elementor-element-1206b77 elementor-widget elementor-widget-text-editor\" data-id=\"1206b77\" data-element_type=\"widget\" data-widget_type=\"text-editor.default\">\n\t\t\t\t<div class=\"elementor-widget-container\">\n\t\t\t\t\t\t\t\t\tJede Tour und Verkostung wird individuell auf deine Interessen und dein orwissen abgestimmt und l\u00e4dt dich ein, die sensorische Vielfalt dieses fl\u00fcssigen Goldes bewusst zu erleben \u2013 eine Begegnung mit Genuss, Wissen und Handwerkskunst. \t\t\t\t\t\t\t\t<\/div>\n\t\t\t\t<\/div>\n\t\t\t\t\t<\/div>\n\t\t<\/div>\n\t\t\t\t\t<\/div>\n\t\t<\/section>\n\t\t\t\t\t<\/div>\n\t\t<\/div>\n\t\t\t\t\t<\/div>\n\t\t<\/section>\n\t\t\t\t<section class=\"elementor-section elementor-top-section elementor-element elementor-element-6926f27 elementor-section-boxed elementor-section-height-default elementor-section-height-default\" data-id=\"6926f27\" data-element_type=\"section\" data-settings=\"{&quot;background_background&quot;:&quot;classic&quot;}\">\n\t\t\t\t\t\t<div class=\"elementor-container elementor-column-gap-default\">\n\t\t\t\t\t<div class=\"elementor-column elementor-col-50 elementor-top-column elementor-element elementor-element-0b7988e\" data-id=\"0b7988e\" data-element_type=\"column\" data-settings=\"{&quot;background_background&quot;:&quot;classic&quot;}\">\n\t\t\t<div class=\"elementor-widget-wrap elementor-element-populated\">\n\t\t\t\t\t<div class=\"elementor-background-overlay\"><\/div>\n\t\t\t\t\t\t<div class=\"elementor-element elementor-element-20c1ca7 elementor-widget elementor-widget-image\" data-id=\"20c1ca7\" data-element_type=\"widget\" data-widget_type=\"image.default\">\n\t\t\t\t<div class=\"elementor-widget-container\">\n\t\t\t\t\t\t\t\t\t\t\t\t\t\t\t<img decoding=\"async\" width=\"1697\" height=\"2560\" data-src=\"https:\/\/rebecamalatesta.com\/wp-content\/uploads\/2026\/01\/botella_aceite_venta.jpg\" class=\"attachment-full size-full wp-image-1340 lazyload\" alt=\"\" data-srcset=\"https:\/\/rebecamalatesta.com\/wp-content\/uploads\/2026\/01\/botella_aceite_venta.jpg 1697w, https:\/\/rebecamalatesta.com\/wp-content\/uploads\/2026\/01\/botella_aceite_venta-199x300.jpg 199w, https:\/\/rebecamalatesta.com\/wp-content\/uploads\/2026\/01\/botella_aceite_venta-679x1024.jpg 679w, https:\/\/rebecamalatesta.com\/wp-content\/uploads\/2026\/01\/botella_aceite_venta-768x1159.jpg 768w, https:\/\/rebecamalatesta.com\/wp-content\/uploads\/2026\/01\/botella_aceite_venta-1018x1536.jpg 1018w, https:\/\/rebecamalatesta.com\/wp-content\/uploads\/2026\/01\/botella_aceite_venta-1358x2048.jpg 1358w\" data-sizes=\"(max-width: 1697px) 100vw, 1697px\" src=\"data:image\/svg+xml;base64,PHN2ZyB3aWR0aD0iMSIgaGVpZ2h0PSIxIiB4bWxucz0iaHR0cDovL3d3dy53My5vcmcvMjAwMC9zdmciPjwvc3ZnPg==\" style=\"--smush-placeholder-width: 1697px; --smush-placeholder-aspect-ratio: 1697\/2560;\" \/>\t\t\t\t\t\t\t\t\t\t\t\t\t\t\t<\/div>\n\t\t\t\t<\/div>\n\t\t\t\t\t<\/div>\n\t\t<\/div>\n\t\t\t\t<div class=\"elementor-column elementor-col-50 elementor-top-column elementor-element elementor-element-0514bd6\" data-id=\"0514bd6\" data-element_type=\"column\">\n\t\t\t<div class=\"elementor-widget-wrap elementor-element-populated\">\n\t\t\t\t\t\t<div class=\"elementor-element elementor-element-677f6d0 elementor-widget elementor-widget-text-editor\" data-id=\"677f6d0\" data-element_type=\"widget\" data-widget_type=\"text-editor.default\">\n\t\t\t\t<div class=\"elementor-widget-container\">\n\t\t\t\t\t\t\t\t\tAus Leidenschaft f\u00fcr \u00f6kologische Landwirtschaft, Gastronomie und Kultur habe ich es mir zur Aufgabe gemacht, die Welt des Oliven\u00f6ls f\u00fcr dich erlebbar zu machen.\t\t\t\t\t\t\t\t<\/div>\n\t\t\t\t<\/div>\n\t\t\t\t<div class=\"elementor-element elementor-element-c8f933a elementor-widget elementor-widget-text-editor\" data-id=\"c8f933a\" data-element_type=\"widget\" data-widget_type=\"text-editor.default\">\n\t\t\t\t<div class=\"elementor-widget-container\">\n\t\t\t\t\t\t\t\t\t\u200bBegleite mich auf eine professionelle Verkostung inmitten \u00f6kologischer Olivenhaine und lerne auf unterhaltsame Weise \u00fcber einen Markt, der j\u00e4hrlich 20 Milliarden Euro bewegt \u2013 und entdecke die Geheimnisse, die 97 % der Verbraucher noch nicht kennen.\t\t\t\t\t\t\t\t<\/div>\n\t\t\t\t<\/div>\n\t\t\t\t\t<\/div>\n\t\t<\/div>\n\t\t\t\t\t<\/div>\n\t\t<\/section>\n\t\t\t\t<section class=\"elementor-section elementor-top-section elementor-element elementor-element-f9e5336 elementor-section-boxed elementor-section-height-default elementor-section-height-default\" data-id=\"f9e5336\" data-element_type=\"section\" data-settings=\"{&quot;shape_divider_bottom&quot;:&quot;tilt&quot;,&quot;background_background&quot;:&quot;classic&quot;}\">\n\t\t\t\t\t<div class=\"elementor-shape elementor-shape-bottom\" aria-hidden=\"true\" data-negative=\"false\">\n\t\t\t<svg xmlns=\"http:\/\/www.w3.org\/2000\/svg\" viewBox=\"0 0 1000 100\" preserveAspectRatio=\"none\">\n\t<path class=\"elementor-shape-fill\" d=\"M0,6V0h1000v100L0,6z\"\/>\n<\/svg>\t\t<\/div>\n\t\t\t\t\t<div class=\"elementor-container elementor-column-gap-default\">\n\t\t\t\t\t<div class=\"elementor-column elementor-col-100 elementor-top-column elementor-element elementor-element-2cde9ff\" data-id=\"2cde9ff\" data-element_type=\"column\">\n\t\t\t<div class=\"elementor-widget-wrap elementor-element-populated\">\n\t\t\t\t\t\t<div class=\"elementor-element elementor-element-331acbc elementor-widget elementor-widget-image\" data-id=\"331acbc\" data-element_type=\"widget\" data-widget_type=\"image.default\">\n\t\t\t\t<div class=\"elementor-widget-container\">\n\t\t\t\t\t\t\t\t\t\t\t\t\t\t\t<img decoding=\"async\" width=\"1240\" height=\"400\" data-src=\"https:\/\/rebecamalatesta.com\/wp-content\/uploads\/2025\/12\/aceitunas_mesa.jpg\" class=\"attachment-full size-full wp-image-1332 lazyload\" alt=\"\" data-srcset=\"https:\/\/rebecamalatesta.com\/wp-content\/uploads\/2025\/12\/aceitunas_mesa.jpg 1240w, https:\/\/rebecamalatesta.com\/wp-content\/uploads\/2025\/12\/aceitunas_mesa-300x97.jpg 300w, https:\/\/rebecamalatesta.com\/wp-content\/uploads\/2025\/12\/aceitunas_mesa-1024x330.jpg 1024w, https:\/\/rebecamalatesta.com\/wp-content\/uploads\/2025\/12\/aceitunas_mesa-768x248.jpg 768w\" data-sizes=\"(max-width: 1240px) 100vw, 1240px\" src=\"data:image\/svg+xml;base64,PHN2ZyB3aWR0aD0iMSIgaGVpZ2h0PSIxIiB4bWxucz0iaHR0cDovL3d3dy53My5vcmcvMjAwMC9zdmciPjwvc3ZnPg==\" style=\"--smush-placeholder-width: 1240px; --smush-placeholder-aspect-ratio: 1240\/400;\" \/>\t\t\t\t\t\t\t\t\t\t\t\t\t\t\t<\/div>\n\t\t\t\t<\/div>\n\t\t\t\t\t<\/div>\n\t\t<\/div>\n\t\t\t\t\t<\/div>\n\t\t<\/section>\n\t\t\t\t<\/div>\n\t\t","protected":false},"excerpt":{"rendered":"<p>Entdecke alle Geheimnisse Mit einem echtenSommelier Begib dich auf eine kulinarische Reise mit einem authentischen Sommelier Wer ist Rebeca Malatesta?Als Tochter einer Diplomatenfamilie wuchs sie in einem internationalen Umfeld auf und lernte fr\u00fch verschiedenste L\u00e4nder, Kulturen und deren kulinarische Identit\u00e4ten kennen. Schon seit ihrer Jugend, spricht sie flie\u00dfend vier Sprachen. Diese internationale Pr\u00e4gung sowie ihre [&hellip;]<\/p>\n","protected":false},"author":1,"featured_media":0,"parent":0,"menu_order":0,"comment_status":"closed","ping_status":"closed","template":"","meta":{"site-sidebar-layout":"no-sidebar","site-content-layout":"page-builder","ast-site-content-layout":"full-width-container","site-content-style":"unboxed","site-sidebar-style":"unboxed","ast-global-header-display":"","ast-banner-title-visibility":"","ast-main-header-display":"","ast-hfb-above-header-display":"","ast-hfb-below-header-display":"","ast-hfb-mobile-header-display":"","site-post-title":"disabled","ast-breadcrumbs-content":"","ast-featured-img":"disabled","footer-sml-layout":"","ast-disable-related-posts":"","theme-transparent-header-meta":"","adv-header-id-meta":"","stick-header-meta":"","header-above-stick-meta":"","header-main-stick-meta":"","header-below-stick-meta":"","astra-migrate-meta-layouts":"default","ast-page-background-enabled":"default","ast-page-background-meta":{"desktop":{"background-color":"","background-image":"","background-repeat":"repeat","background-position":"center center","background-size":"auto","background-attachment":"scroll","background-type":"","background-media":"","overlay-type":"","overlay-color":"","overlay-opacity":"","overlay-gradient":""},"tablet":{"background-color":"","background-image":"","background-repeat":"repeat","background-position":"center center","background-size":"auto","background-attachment":"scroll","background-type":"","background-media":"","overlay-type":"","overlay-color":"","overlay-opacity":"","overlay-gradient":""},"mobile":{"background-color":"","background-image":"","background-repeat":"repeat","background-position":"center center","background-size":"auto","background-attachment":"scroll","background-type":"","background-media":"","overlay-type":"","overlay-color":"","overlay-opacity":"","overlay-gradient":""}},"ast-content-background-meta":{"desktop":{"background-color":"var(--ast-global-color-5)","background-image":"","background-repeat":"repeat","background-position":"center center","background-size":"auto","background-attachment":"scroll","background-type":"","background-media":"","overlay-type":"","overlay-color":"","overlay-opacity":"","overlay-gradient":""},"tablet":{"background-color":"var(--ast-global-color-5)","background-image":"","background-repeat":"repeat","background-position":"center center","background-size":"auto","background-attachment":"scroll","background-type":"","background-media":"","overlay-type":"","overlay-color":"","overlay-opacity":"","overlay-gradient":""},"mobile":{"background-color":"var(--ast-global-color-5)","background-image":"","background-repeat":"repeat","background-position":"center center","background-size":"auto","background-attachment":"scroll","background-type":"","background-media":"","overlay-type":"","overlay-color":"","overlay-opacity":"","overlay-gradient":""}},"footnotes":""},"class_list":["post-1341","page","type-page","status-publish","hentry"],"_links":{"self":[{"href":"https:\/\/rebecamalatesta.com\/de\/wp-json\/wp\/v2\/pages\/1341","targetHints":{"allow":["GET"]}}],"collection":[{"href":"https:\/\/rebecamalatesta.com\/de\/wp-json\/wp\/v2\/pages"}],"about":[{"href":"https:\/\/rebecamalatesta.com\/de\/wp-json\/wp\/v2\/types\/page"}],"author":[{"embeddable":true,"href":"https:\/\/rebecamalatesta.com\/de\/wp-json\/wp\/v2\/users\/1"}],"replies":[{"embeddable":true,"href":"https:\/\/rebecamalatesta.com\/de\/wp-json\/wp\/v2\/comments?post=1341"}],"version-history":[{"count":7,"href":"https:\/\/rebecamalatesta.com\/de\/wp-json\/wp\/v2\/pages\/1341\/revisions"}],"predecessor-version":[{"id":1475,"href":"https:\/\/rebecamalatesta.com\/de\/wp-json\/wp\/v2\/pages\/1341\/revisions\/1475"}],"wp:attachment":[{"href":"https:\/\/rebecamalatesta.com\/de\/wp-json\/wp\/v2\/media?parent=1341"}],"curies":[{"name":"wp","href":"https:\/\/api.w.org\/{rel}","templated":true}]}}